{"id":717,"date":"2023-09-13T09:13:19","date_gmt":"2023-09-13T09:13:19","guid":{"rendered":"https:\/\/aluminiosflorit.com\/septiembre\/?page_id=717"},"modified":"2025-01-11T08:52:57","modified_gmt":"2025-01-11T08:52:57","slug":"plegables","status":"publish","type":"page","link":"https:\/\/aluminiosflorit.com\/en\/plegables\/","title":{"rendered":"Folding"},"content":{"rendered":"\t\t<div data-elementor-type=\"wp-post\" data-elementor-id=\"717\" class=\"elementor elementor-717\">\n\t\t\t\t\t\t<section class=\"elementor-section elementor-top-section elementor-element elementor-element-d7d8b56 elementor-section-boxed elementor-section-height-default elementor-section-height-default\" data-id=\"d7d8b56\" data-element_type=\"section\" data-e-type=\"section\" data-settings=\"{&quot;background_background&quot;:&quot;slideshow&quot;,&quot;background_slideshow_gallery&quot;:[{&quot;id&quot;:719,&quot;url&quot;:&quot;https:\\\/\\\/aluminiosflorit.com\\\/wp-content\\\/uploads\\\/2023\\\/09\\\/Cerramiento_plegable_01.jpg&quot;},{&quot;id&quot;:720,&quot;url&quot;:&quot;https:\\\/\\\/aluminiosflorit.com\\\/wp-content\\\/uploads\\\/2023\\\/09\\\/puerta-plegable.jpg&quot;}],&quot;background_slideshow_loop&quot;:&quot;yes&quot;,&quot;background_slideshow_slide_duration&quot;:5000,&quot;background_slideshow_slide_transition&quot;:&quot;fade&quot;,&quot;background_slideshow_transition_duration&quot;:500}\">\n\t\t\t\t\t\t\t<div class=\"elementor-background-overlay\"><\/div>\n\t\t\t\t\t\t\t<div class=\"elementor-container elementor-column-gap-default\">\n\t\t\t\t\t<div class=\"elementor-column elementor-col-100 elementor-top-column elementor-element elementor-element-fd69444\" data-id=\"fd69444\" data-element_type=\"column\" data-e-type=\"column\">\n\t\t\t<div class=\"elementor-widget-wrap elementor-element-populated\">\n\t\t\t\t\t\t<div class=\"elementor-element elementor-element-abcc2f2 elementor-widget elementor-widget-heading\" data-id=\"abcc2f2\" data-element_type=\"widget\" data-e-type=\"widget\" data-widget_type=\"heading.default\">\n\t\t\t\t<div class=\"elementor-widget-container\">\n\t\t\t\t\t<h1 class=\"elementor-heading-title elementor-size-default\">plegables<\/h1>\t\t\t\t<\/div>\n\t\t\t\t<\/div>\n\t\t\t\t<div class=\"elementor-element elementor-element-ec563e7 elementor-widget elementor-widget-text-editor\" data-id=\"ec563e7\" data-element_type=\"widget\" data-e-type=\"widget\" data-widget_type=\"text-editor.default\">\n\t\t\t\t<div class=\"elementor-widget-container\">\n\t\t\t\t\t\t\t\t\t<p>PVC \u00b7 ALUMINIO &#8211; ALUMINIOS FLORIT<\/p>\t\t\t\t\t\t\t\t<\/div>\n\t\t\t\t<\/div>\n\t\t\t\t\t<\/div>\n\t\t<\/div>\n\t\t\t\t\t<\/div>\n\t\t<\/section>\n\t\t\t\t<section class=\"elementor-section elementor-top-section elementor-element elementor-element-464259e elementor-section-boxed elementor-section-height-default elementor-section-height-default\" data-id=\"464259e\" data-element_type=\"section\" data-e-type=\"section\">\n\t\t\t\t\t\t<div class=\"elementor-container elementor-column-gap-default\">\n\t\t\t\t\t<div class=\"elementor-column elementor-col-100 elementor-top-column elementor-element elementor-element-e75928f\" data-id=\"e75928f\" data-element_type=\"column\" data-e-type=\"column\">\n\t\t\t<div class=\"elementor-widget-wrap elementor-element-populated\">\n\t\t\t\t\t\t<div class=\"elementor-element elementor-element-9367c88 elementor-widget elementor-widget-heading\" data-id=\"9367c88\" data-element_type=\"widget\" data-e-type=\"widget\" data-widget_type=\"heading.default\">\n\t\t\t\t<div class=\"elementor-widget-container\">\n\t\t\t\t\t<h2 class=\"elementor-heading-title elementor-size-default\">Ventajas e inconvenientes<\/h2>\t\t\t\t<\/div>\n\t\t\t\t<\/div>\n\t\t\t\t<div class=\"elementor-element elementor-element-2ab16aa elementor-widget elementor-widget-text-editor\" data-id=\"2ab16aa\" data-element_type=\"widget\" data-e-type=\"widget\" data-widget_type=\"text-editor.default\">\n\t\t\t\t<div class=\"elementor-widget-container\">\n\t\t\t\t\t\t\t\t\t<p>Las puertas plegables ofrecen nuevos conceptos de apertura y ampliaci\u00f3n de superficies para lograr el m\u00e1ximo espacio posible.<\/p><p>Su sencillo mecanismo permite una apertura casi completa del acristalamiento de la fachada. De hecho, en una f\u00e1cil operaci\u00f3n, un\u00a0<strong>cerramiento<\/strong>\u00a0plegable de cinco metros de ancho puede llegar a ocupar escasos 50 cent\u00edmetros al replegarse de nuevo. Una vez abiertas las hojas, tan solo ocupan el 9% del espacio a cubrir, logrando el m\u00e1ximo espacio libre.<\/p><p>Adem\u00e1s, las\u00a0<strong>puertas plegables<\/strong> utilizan los estilizados sistemas de aluminio, de madera o de madera y aluminio combinados, le ofrecen soluciones individuales para todo tipo de estructuras constructiv.<\/p>\t\t\t\t\t\t\t\t<\/div>\n\t\t\t\t<\/div>\n\t\t\t\t<div class=\"elementor-element elementor-element-af4d0f6 elementor-widget elementor-widget-heading\" data-id=\"af4d0f6\" data-element_type=\"widget\" data-e-type=\"widget\" data-widget_type=\"heading.default\">\n\t\t\t\t<div class=\"elementor-widget-container\">\n\t\t\t\t\t<h2 class=\"elementor-heading-title elementor-size-default\">BENEFICIOS QUE APORTAN<\/h2>\t\t\t\t<\/div>\n\t\t\t\t<\/div>\n\t\t\t\t<div class=\"elementor-element elementor-element-2efb877 elementor-widget elementor-widget-text-editor\" data-id=\"2efb877\" data-element_type=\"widget\" data-e-type=\"widget\" data-widget_type=\"text-editor.default\">\n\t\t\t\t<div class=\"elementor-widget-container\">\n\t\t\t\t\t\t\t\t\t<p><b>Son m\u00e1s pr\u00e1cticas<\/b><br \/>Cuando abres una puerta plegable tienes que doblar y apilar ordenadamente la puerta en su obertura y esto permitir\u00e1 que las personas se muevan libremente desde el interior hacia el exterior de la estancia y poder pasar de una a otra con total comodidad cuando est\u00e9n abiertas. Normalmente se utilizan en cocinas, puertas para salir al jard\u00edn o cuartos de ba\u00f1o&#8230;<br \/><br \/><b>Son puertas m\u00e1s seguras<\/b><br \/>La seguridad y la protecci\u00f3n son necesarias en todos los hogares y las puertas plegables te ayudan a esto. El perfil delgado de la puerta te asegura que no existan zonas de vidrio en la puerta que se puedan romper. Adem\u00e1s, las puertas plegables est\u00e1n hechas con materiales que proporcionan una resistencia estupenda no solo al interior del hogar sino tambi\u00e9n al exterior si decides usarlas en un patio o zona fuera de tu casa. Por si fuera poco, tienen una gra eficiencia t\u00e9rmica.<br \/><br \/><b>Proporcionan mayor iluminaci\u00f3n natural<\/b><br \/>Las puertas plegables pueden ayudarte a maximizar la luz natural de tu hogar, porque permitir\u00e1n que entre m\u00e1s cantidad tanto si est\u00e1n abiertas como cerradas. Conseguir una luz natural de calidad en el hogar es un gran reto para muchos, y un cuarto con mejor luz sin duda mejorar\u00e1 mucho la sensaci\u00f3n de estar dentro de ese lugar. Una estancia con m\u00e1s luz motivar\u00e1 a pasar m\u00e1s tiempo dentro de ese lugar.<br \/><br \/><b>Gran versatilidad<\/b><br \/>Cuando las puertas plegables est\u00e1n abiertas parecer\u00e1 que tu estancia es mucho mayor de lo que realmente es porque no roba nada de espacio al lugar. Estas puertas se pueden integrar perfectamente en cualquier estancia de tu hogar y te proporcionar\u00e1n una buena circulaci\u00f3n dentro y fuera de tu casa.<br \/><br \/><b>Son compactas<\/b><br \/>A diferencia de las puertas corredizas o correderas, las puertas plegables ocupan muy poco espacio cuando est\u00e1n abiertas. Esto se debe a que cuando se pliegan sobre s\u00ed mismas no se deslizan hacia ninguna parte. Esto ofrece la ventaja de una apertura por completo.<br \/>Una puerta corredera siempre se requiere otra puerta para deslizarse detr\u00e1s, por lo que incluso si el espacio de la pared es demasiado peque\u00f1o para tener puertas, las puertas plegables son todav\u00eda una gran opci\u00f3n para tu hogar.<br \/><br \/><b>Bajo mantenimiento<\/b><br \/>Las puertas plegables no requieren tanto mantenimiento como se podr\u00eda pensar. Por lo general, solo necesitan una limpieza regular con detergente, como la mayor\u00eda de otras ventanas o puertas de cristal. Pueden ser m\u00e1s f\u00e1ciles de limpiar que las puertas con cristales.\u00a0<b>Por si fuese poco, las puertas plegables tambi\u00e9n pueden ser altamente decorativas para cualquier hogar<\/b>.<\/p>\t\t\t\t\t\t\t\t<\/div>\n\t\t\t\t<\/div>\n\t\t\t\t\t<\/div>\n\t\t<\/div>\n\t\t\t\t\t<\/div>\n\t\t<\/section>\n\t\t\t\t<\/div>\n\t\t","protected":false},"excerpt":{"rendered":"<p>plegables PVC \u00b7 ALUMINIO &#8211; ALUMINIOS FLORIT Ventajas e inconvenientes Las puertas plegables ofrecen nuevos conceptos de apertura y ampliaci\u00f3n de superficies para lograr el m\u00e1ximo espacio posible. Su sencillo mecanismo permite una apertura casi completa del acristalamiento de la fachada. De hecho, en una f\u00e1cil operaci\u00f3n, un\u00a0cerramiento\u00a0plegable de cinco metros de ancho puede llegar [&hellip;]<\/p>\n","protected":false},"author":1,"featured_media":0,"parent":0,"menu_order":0,"comment_status":"closed","ping_status":"closed","template":"","meta":{"_monsterinsights_skip_tracking":false,"_monsterinsights_sitenote_active":false,"_monsterinsights_sitenote_note":"","_monsterinsights_sitenote_category":0,"site-sidebar-layout":"no-sidebar","site-content-layout":"page-builder","ast-site-content-layout":"full-width-container","site-content-style":"unboxed","site-sidebar-style":"unboxed","ast-global-header-display":"","ast-banner-title-visibility":"","ast-main-header-display":"","ast-hfb-above-header-display":"","ast-hfb-below-header-display":"","ast-hfb-mobile-header-display":"","site-post-title":"disabled","ast-breadcrumbs-content":"","ast-featured-img":"disabled","footer-sml-layout":"","theme-transparent-header-meta":"enabled","adv-header-id-meta":"","stick-header-meta":"","header-above-stick-meta":"","header-main-stick-meta":"","header-below-stick-meta":"","astra-migrate-meta-layouts":"set","ast-page-background-enabled":"default","ast-page-background-meta":{"desktop":{"background-color":"","background-image":"","background-repeat":"repeat","background-position":"center center","background-size":"auto","background-attachment":"scroll","background-type":"","background-media":"","overlay-type":"","overlay-color":"","overlay-opacity":"","overlay-gradient":""},"tablet":{"background-color":"","background-image":"","background-repeat":"repeat","background-position":"center center","background-size":"auto","background-attachment":"scroll","background-type":"","background-media":"","overlay-type":"","overlay-color":"","overlay-opacity":"","overlay-gradient":""},"mobile":{"background-color":"","background-image":"","background-repeat":"repeat","background-position":"center center","background-size":"auto","background-attachment":"scroll","background-type":"","background-media":"","overlay-type":"","overlay-color":"","overlay-opacity":"","overlay-gradient":""}},"ast-content-background-meta":{"desktop":{"background-color":"var(--ast-global-color-5)","background-image":"","background-repeat":"repeat","background-position":"center center","background-size":"auto","background-attachment":"scroll","background-type":"","background-media":"","overlay-type":"","overlay-color":"","overlay-opacity":"","overlay-gradient":""},"tablet":{"background-color":"var(--ast-global-color-5)","background-image":"","background-repeat":"repeat","background-position":"center center","background-size":"auto","background-attachment":"scroll","background-type":"","background-media":"","overlay-type":"","overlay-color":"","overlay-opacity":"","overlay-gradient":""},"mobile":{"background-color":"var(--ast-global-color-5)","background-image":"","background-repeat":"repeat","background-position":"center center","background-size":"auto","background-attachment":"scroll","background-type":"","background-media":"","overlay-type":"","overlay-color":"","overlay-opacity":"","overlay-gradient":""}},"_joinchat":[],"footnotes":""},"class_list":["post-717","page","type-page","status-publish","hentry"],"yoast_head":"<!-- This site is optimized with the Yoast SEO plugin v27.6 - https:\/\/yoast.com\/product\/yoast-seo-wordpress\/ -->\n<title>Plegables - Aluminios Florit<\/title>\n<meta name=\"description\" content=\"Las ventanas plegables en Mallorca son la soluci\u00f3n ideal para ampliar espacios y disfrutar de una conexi\u00f3n total con el exterior.\" \/>\n<meta name=\"robots\" content=\"index, follow, max-snippet:-1, max-image-preview:large, max-video-preview:-1\" \/>\n<link rel=\"canonical\" href=\"https:\/\/aluminiosflorit.com\/en\/plegables\/\" \/>\n<meta property=\"og:locale\" content=\"en_US\" \/>\n<meta property=\"og:type\" content=\"article\" \/>\n<meta property=\"og:title\" content=\"Plegables - Aluminios Florit\" \/>\n<meta property=\"og:description\" content=\"Las ventanas plegables en Mallorca son la soluci\u00f3n ideal para ampliar espacios y disfrutar de una conexi\u00f3n total con el exterior.\" \/>\n<meta property=\"og:url\" content=\"https:\/\/aluminiosflorit.com\/en\/plegables\/\" \/>\n<meta property=\"og:site_name\" content=\"Aluminios Florit\" \/>\n<meta property=\"article:publisher\" content=\"https:\/\/www.facebook.com\/aluminiosflorit\" \/>\n<meta property=\"article:modified_time\" content=\"2025-01-11T08:52:57+00:00\" \/>\n<meta name=\"twitter:card\" content=\"summary_large_image\" \/>\n<meta name=\"twitter:label1\" content=\"Est. reading time\" \/>\n\t<meta name=\"twitter:data1\" content=\"3 minutes\" \/>\n<script type=\"application\/ld+json\" class=\"yoast-schema-graph\">{\"@context\":\"https:\\\/\\\/schema.org\",\"@graph\":[{\"@type\":\"WebPage\",\"@id\":\"https:\\\/\\\/aluminiosflorit.com\\\/plegables\\\/\",\"url\":\"https:\\\/\\\/aluminiosflorit.com\\\/plegables\\\/\",\"name\":\"Plegables - Aluminios Florit\",\"isPartOf\":{\"@id\":\"https:\\\/\\\/aluminiosflorit.com\\\/#website\"},\"datePublished\":\"2023-09-13T09:13:19+00:00\",\"dateModified\":\"2025-01-11T08:52:57+00:00\",\"description\":\"Las ventanas plegables en Mallorca son la soluci\u00f3n ideal para ampliar espacios y disfrutar de una conexi\u00f3n total con el exterior.\",\"breadcrumb\":{\"@id\":\"https:\\\/\\\/aluminiosflorit.com\\\/plegables\\\/#breadcrumb\"},\"inLanguage\":\"en-US\",\"potentialAction\":[{\"@type\":\"ReadAction\",\"target\":[\"https:\\\/\\\/aluminiosflorit.com\\\/plegables\\\/\"]}]},{\"@type\":\"BreadcrumbList\",\"@id\":\"https:\\\/\\\/aluminiosflorit.com\\\/plegables\\\/#breadcrumb\",\"itemListElement\":[{\"@type\":\"ListItem\",\"position\":1,\"name\":\"Portada\",\"item\":\"https:\\\/\\\/aluminiosflorit.com\\\/\"},{\"@type\":\"ListItem\",\"position\":2,\"name\":\"Plegables\"}]},{\"@type\":\"WebSite\",\"@id\":\"https:\\\/\\\/aluminiosflorit.com\\\/#website\",\"url\":\"https:\\\/\\\/aluminiosflorit.com\\\/\",\"name\":\"Aluminios Florit\",\"description\":\"Empresa de carpinter\u00eda de aluminio y PVC con dilatada experiencia en el sector y ubicada en Mallorca. Visite nuestra web y conozca nuestros servicios\",\"publisher\":{\"@id\":\"https:\\\/\\\/aluminiosflorit.com\\\/#organization\"},\"potentialAction\":[{\"@type\":\"SearchAction\",\"target\":{\"@type\":\"EntryPoint\",\"urlTemplate\":\"https:\\\/\\\/aluminiosflorit.com\\\/?s={search_term_string}\"},\"query-input\":{\"@type\":\"PropertyValueSpecification\",\"valueRequired\":true,\"valueName\":\"search_term_string\"}}],\"inLanguage\":\"en-US\"},{\"@type\":\"Organization\",\"@id\":\"https:\\\/\\\/aluminiosflorit.com\\\/#organization\",\"name\":\"Aluminios Florit\",\"url\":\"https:\\\/\\\/aluminiosflorit.com\\\/\",\"logo\":{\"@type\":\"ImageObject\",\"inLanguage\":\"en-US\",\"@id\":\"https:\\\/\\\/aluminiosflorit.com\\\/#\\\/schema\\\/logo\\\/image\\\/\",\"url\":\"https:\\\/\\\/aluminiosflorit.com\\\/septiembre\\\/wp-content\\\/uploads\\\/2023\\\/09\\\/af.png\",\"contentUrl\":\"https:\\\/\\\/aluminiosflorit.com\\\/septiembre\\\/wp-content\\\/uploads\\\/2023\\\/09\\\/af.png\",\"width\":417,\"height\":167,\"caption\":\"Aluminios Florit\"},\"image\":{\"@id\":\"https:\\\/\\\/aluminiosflorit.com\\\/#\\\/schema\\\/logo\\\/image\\\/\"},\"sameAs\":[\"https:\\\/\\\/www.facebook.com\\\/aluminiosflorit\",\"https:\\\/\\\/www.instagram.com\\\/aluminios_florit\\\/\"]}]}<\/script>\n<!-- \/ Yoast SEO plugin. -->","yoast_head_json":{"title":"Plegables - Aluminios Florit","description":"Las ventanas plegables en Mallorca son la soluci\u00f3n ideal para ampliar espacios y disfrutar de una conexi\u00f3n total con el exterior.","robots":{"index":"index","follow":"follow","max-snippet":"max-snippet:-1","max-image-preview":"max-image-preview:large","max-video-preview":"max-video-preview:-1"},"canonical":"https:\/\/aluminiosflorit.com\/en\/plegables\/","og_locale":"en_US","og_type":"article","og_title":"Plegables - Aluminios Florit","og_description":"Las ventanas plegables en Mallorca son la soluci\u00f3n ideal para ampliar espacios y disfrutar de una conexi\u00f3n total con el exterior.","og_url":"https:\/\/aluminiosflorit.com\/en\/plegables\/","og_site_name":"Aluminios Florit","article_publisher":"https:\/\/www.facebook.com\/aluminiosflorit","article_modified_time":"2025-01-11T08:52:57+00:00","twitter_card":"summary_large_image","twitter_misc":{"Est. reading time":"3 minutes"},"schema":{"@context":"https:\/\/schema.org","@graph":[{"@type":"WebPage","@id":"https:\/\/aluminiosflorit.com\/plegables\/","url":"https:\/\/aluminiosflorit.com\/plegables\/","name":"Plegables - Aluminios Florit","isPartOf":{"@id":"https:\/\/aluminiosflorit.com\/#website"},"datePublished":"2023-09-13T09:13:19+00:00","dateModified":"2025-01-11T08:52:57+00:00","description":"Las ventanas plegables en Mallorca son la soluci\u00f3n ideal para ampliar espacios y disfrutar de una conexi\u00f3n total con el exterior.","breadcrumb":{"@id":"https:\/\/aluminiosflorit.com\/plegables\/#breadcrumb"},"inLanguage":"en-US","potentialAction":[{"@type":"ReadAction","target":["https:\/\/aluminiosflorit.com\/plegables\/"]}]},{"@type":"BreadcrumbList","@id":"https:\/\/aluminiosflorit.com\/plegables\/#breadcrumb","itemListElement":[{"@type":"ListItem","position":1,"name":"Portada","item":"https:\/\/aluminiosflorit.com\/"},{"@type":"ListItem","position":2,"name":"Plegables"}]},{"@type":"WebSite","@id":"https:\/\/aluminiosflorit.com\/#website","url":"https:\/\/aluminiosflorit.com\/","name":"Aluminios Florit","description":"Empresa de carpinter\u00eda de aluminio y PVC con dilatada experiencia en el sector y ubicada en Mallorca. Visite nuestra web y conozca nuestros servicios","publisher":{"@id":"https:\/\/aluminiosflorit.com\/#organization"},"potentialAction":[{"@type":"SearchAction","target":{"@type":"EntryPoint","urlTemplate":"https:\/\/aluminiosflorit.com\/?s={search_term_string}"},"query-input":{"@type":"PropertyValueSpecification","valueRequired":true,"valueName":"search_term_string"}}],"inLanguage":"en-US"},{"@type":"Organization","@id":"https:\/\/aluminiosflorit.com\/#organization","name":"Aluminios Florit","url":"https:\/\/aluminiosflorit.com\/","logo":{"@type":"ImageObject","inLanguage":"en-US","@id":"https:\/\/aluminiosflorit.com\/#\/schema\/logo\/image\/","url":"https:\/\/aluminiosflorit.com\/septiembre\/wp-content\/uploads\/2023\/09\/af.png","contentUrl":"https:\/\/aluminiosflorit.com\/septiembre\/wp-content\/uploads\/2023\/09\/af.png","width":417,"height":167,"caption":"Aluminios Florit"},"image":{"@id":"https:\/\/aluminiosflorit.com\/#\/schema\/logo\/image\/"},"sameAs":["https:\/\/www.facebook.com\/aluminiosflorit","https:\/\/www.instagram.com\/aluminios_florit\/"]}]}},"_links":{"self":[{"href":"https:\/\/aluminiosflorit.com\/en\/wp-json\/wp\/v2\/pages\/717","targetHints":{"allow":["GET"]}}],"collection":[{"href":"https:\/\/aluminiosflorit.com\/en\/wp-json\/wp\/v2\/pages"}],"about":[{"href":"https:\/\/aluminiosflorit.com\/en\/wp-json\/wp\/v2\/types\/page"}],"author":[{"embeddable":true,"href":"https:\/\/aluminiosflorit.com\/en\/wp-json\/wp\/v2\/users\/1"}],"replies":[{"embeddable":true,"href":"https:\/\/aluminiosflorit.com\/en\/wp-json\/wp\/v2\/comments?post=717"}],"version-history":[{"count":11,"href":"https:\/\/aluminiosflorit.com\/en\/wp-json\/wp\/v2\/pages\/717\/revisions"}],"predecessor-version":[{"id":1028,"href":"https:\/\/aluminiosflorit.com\/en\/wp-json\/wp\/v2\/pages\/717\/revisions\/1028"}],"wp:attachment":[{"href":"https:\/\/aluminiosflorit.com\/en\/wp-json\/wp\/v2\/media?parent=717"}],"curies":[{"name":"wp","href":"https:\/\/api.w.org\/{rel}","templated":true}]}}